{"id":10,"date":"2021-07-28T12:21:48","date_gmt":"2021-07-28T12:21:48","guid":{"rendered":"https:\/\/labolugadecabrales.es\/?page_id=10"},"modified":"2021-08-03T18:03:29","modified_gmt":"2021-08-03T18:03:29","slug":"inicio","status":"publish","type":"page","link":"https:\/\/labolugadecabrales.es\/","title":{"rendered":"Inicio"},"content":{"rendered":"<p>[et_pb_section fb_built=\u00bb1&#8243; admin_label=\u00bbHeader\u00bb _builder_version=\u00bb4.9.10&#8243; background_color=\u00bb#FFFFFF\u00bb background_image=\u00bbhttps:\/\/labolugadecabrales.es\/wp-content\/uploads\/2021\/08\/Mermeladas-La-boluga-011.jpg\u00bb background_position=\u00bbtop_left\u00bb custom_padding=\u00bb10vw||||false|false\u00bb bottom_divider_style=\u00bbslant\u00bb bottom_divider_color=\u00bbrgba(0,0,0,0.71)\u00bb bottom_divider_height=\u00bb54vw\u00bb bottom_divider_flip=\u00bbhorizontal\u00bb locked=\u00bboff\u00bb][et_pb_row _builder_version=\u00bb4.4.9&#8243; z_index=\u00bb11&#8243; width=\u00bb70%\u00bb width_tablet=\u00bb90%\u00bb width_phone=\u00bb\u00bb width_last_edited=\u00bbon|phone\u00bb max_width=\u00bbnone\u00bb custom_css_main_element=\u00bbz-index: 10 !important;\u00bb][et_pb_column type=\u00bb4_4&#8243; _builder_version=\u00bb3.25.1&#8243;][et_pb_text _builder_version=\u00bb4.9.10&#8243; header_font=\u00bbLobster||||||||\u00bb header_text_color=\u00bb#FFFFFF\u00bb header_font_size=\u00bb9vw\u00bb header_letter_spacing=\u00bb3px\u00bb header_2_font=\u00bbMarcellus|||on|||||\u00bb header_2_text_color=\u00bb#FFFFFF\u00bb header_2_font_size=\u00bb25px\u00bb header_2_letter_spacing=\u00bb4px\u00bb header_2_line_height=\u00bb1.2em\u00bb text_orientation=\u00bbcenter\u00bb header_font_size_tablet=\u00bb60px\u00bb header_font_size_phone=\u00bb40px\u00bb header_font_size_last_edited=\u00bbon|phone\u00bb header_2_font_size_tablet=\u00bb20px\u00bb header_2_font_size_phone=\u00bb14px\u00bb header_2_font_size_last_edited=\u00bbon|phone\u00bb z_index_tablet=\u00bb10&#8243; z_index_phone=\u00bb\u00bb z_index_last_edited=\u00bbon|tablet\u00bb header_text_shadow_style=\u00bbpreset2&#8243; header_text_shadow_color=\u00bbrgba(0,0,0,0.8)\u00bb]<\/p>\n<h2>Mermeladas<\/h2>\n<h1>La Boluga de Cabrales<\/h1>\n<p>[\/et_pb_text][et_pb_image src=\u00bbhttps:\/\/labolugadecabrales.es\/wp-content\/uploads\/2021\/08\/Logo.png\u00bb title_text=\u00bbLogo\u00bb align=\u00bbcenter\u00bb _builder_version=\u00bb4.9.10&#8243; _module_preset=\u00bbdefault\u00bb width=\u00bb40%\u00bb][\/et_pb_image][\/et_pb_column][\/et_pb_row][\/et_pb_section][et_pb_section fb_built=\u00bb1&#8243; _builder_version=\u00bb4.9.10&#8243; _module_preset=\u00bbdefault\u00bb][et_pb_row column_structure=\u00bb1_2,1_2&#8243; _builder_version=\u00bb4.9.10&#8243; _module_preset=\u00bbdefault\u00bb][et_pb_column type=\u00bb1_2&#8243; _builder_version=\u00bb4.9.10&#8243; _module_preset=\u00bbdefault\u00bb][et_pb_text _builder_version=\u00bb4.9.10&#8243; header_2_font=\u00bbMarcellus||||||||\u00bb header_2_text_color=\u00bb#3D4A41&#8243; header_2_font_size=\u00bb60px\u00bb header_2_line_height=\u00bb1.2em\u00bb text_orientation=\u00bbcenter\u00bb custom_padding_tablet=\u00bb\u00bb custom_padding_phone=\u00bb\u00bb custom_padding_last_edited=\u00bbon|desktop\u00bb header_2_font_size_tablet=\u00bb40px\u00bb header_2_font_size_phone=\u00bb30px\u00bb header_2_font_size_last_edited=\u00bbon|desktop\u00bb border_width_all=\u00bb3px\u00bb border_color_all=\u00bb#f4f0e8&#8243; locked=\u00bboff\u00bb]<\/p>\n<h2>Sobre nosotros<\/h2>\n<p>[\/et_pb_text][et_pb_text _builder_version=\u00bb4.9.10&#8243; text_font=\u00bbMarcellus||||||||\u00bb text_font_size=\u00bb18px\u00bb text_line_height=\u00bb1.8em\u00bb text_orientation=\u00bbjustified\u00bb custom_margin=\u00bb||||false|false\u00bb custom_margin_tablet=\u00bb\u00bb custom_margin_phone=\u00bb\u00bb custom_margin_last_edited=\u00bbon|desktop\u00bb custom_padding=\u00bb25px|40px|25px|40px|false|false\u00bb custom_padding_tablet=\u00bb\u00bb custom_padding_phone=\u00bb|20px||20px|false|false\u00bb custom_padding_last_edited=\u00bbon|phone\u00bb text_font_size_tablet=\u00bb14px\u00bb text_font_size_phone=\u00bb14px\u00bb text_font_size_last_edited=\u00bbon|phone\u00bb text_line_height_phone=\u00bb1.6em\u00bb text_line_height_last_edited=\u00bboff|desktop\u00bb border_width_all=\u00bb3px\u00bb border_color_all=\u00bb#f4f0e8&#8243; locked=\u00bboff\u00bb]<\/p>\n<p><strong>La Boluga de Cabrales<\/strong> es una empresa fundada en 2020 en Puertas de Cabrales dedicada a la elaboraci\u00f3n de dulces y mermeladas de manera artesanal con productos naturales. Est\u00e1 formada por una pareja de j\u00f3venes emprendedores que, inspirados en la tradici\u00f3n de la gente de Cabrales de acompa\u00f1ar el quesu con dulce en el postre, decidieron preparar unas modernas instalaciones que les permitan la fabricaci\u00f3n de estos productos permaneciendo en un entorno rural y contribuyendo a su desarrollo.<\/p>\n<p>[\/et_pb_text][\/et_pb_column][et_pb_column type=\u00bb1_2&#8243; _builder_version=\u00bb4.9.10&#8243; _module_preset=\u00bbdefault\u00bb][et_pb_image src=\u00bbhttps:\/\/labolugadecabrales.es\/wp-content\/uploads\/2021\/08\/Mermeladas-La-boluga-002.jpg\u00bb title_text=\u00bbMermeladas La boluga 002&#8243; _builder_version=\u00bb4.9.10&#8243; _module_preset=\u00bbdefault\u00bb][\/et_pb_image][\/et_pb_column][\/et_pb_row][\/et_pb_section][et_pb_section fb_built=\u00bb1&#8243; admin_label=\u00bbCall to Action\u00bb _builder_version=\u00bb4.9.10&#8243; background_color=\u00bb#f4f0e8&#8243; custom_margin_tablet=\u00bb0px||||false|false\u00bb custom_margin_last_edited=\u00bboff|desktop\u00bb custom_padding=\u00bb0px||0px||false|false\u00bb locked=\u00bboff\u00bb][et_pb_row column_structure=\u00bb1_3,1_3,1_3&#8243; use_custom_gutter=\u00bbon\u00bb gutter_width=\u00bb1&#8243; make_equal=\u00bbon\u00bb _builder_version=\u00bb4.4.8&#8243; width=\u00bb100%\u00bb max_width=\u00bb100%\u00bb custom_padding=\u00bb0px||0px||false|false\u00bb][et_pb_column type=\u00bb1_3&#8243; _builder_version=\u00bb4.4.8&#8243; custom_padding=\u00bb18px|18px|18px|18px|true|true\u00bb][et_pb_image src=\u00bbhttps:\/\/labolugadecabrales.es\/wp-content\/uploads\/2021\/08\/Mermeladas-La-boluga-006.jpg\u00bb title_text=\u00bbMermeladas La boluga 006&#8243; force_fullwidth=\u00bbon\u00bb _builder_version=\u00bb4.9.10&#8243; border_color_all=\u00bbrgba(0,0,0,0)\u00bb][\/et_pb_image][\/et_pb_column][et_pb_column type=\u00bb1_3&#8243; _builder_version=\u00bb4.4.8&#8243; custom_padding=\u00bb3px|3px|3px|3px|true|true\u00bb border_color_all=\u00bb#ffffff\u00bb][et_pb_image src=\u00bbhttps:\/\/labolugadecabrales.es\/wp-content\/uploads\/2021\/08\/Mermeladas-La-boluga-013.jpg\u00bb title_text=\u00bbMermeladas La boluga 013&#8243; _builder_version=\u00bb4.9.10&#8243; border_width_all=\u00bb15px\u00bb border_color_all=\u00bb#ffffff\u00bb][\/et_pb_image][\/et_pb_column][et_pb_column type=\u00bb1_3&#8243; _builder_version=\u00bb4.4.8&#8243; background_color=\u00bb#ffffff\u00bb custom_padding=\u00bb18px||80px|60px|false|false\u00bb custom_padding_tablet=\u00bb60px||||false|false\u00bb custom_padding_phone=\u00bb|30px||30px|false|false\u00bb custom_padding_last_edited=\u00bbon|phone\u00bb][et_pb_text _builder_version=\u00bb4.9.10&#8243; text_font=\u00bbMarcellus||||||||\u00bb text_text_color=\u00bb#3D4A41&#8243; text_font_size=\u00bb17px\u00bb text_line_height=\u00bb1.8em\u00bb header_2_font=\u00bbLobster||||||||\u00bb header_2_font_size=\u00bb31px\u00bb header_2_line_height=\u00bb2.5em\u00bb header_3_font=\u00bbLobster||||||||\u00bb header_3_text_color=\u00bb#3D4A41&#8243; header_3_font_size=\u00bb32px\u00bb header_3_line_height=\u00bb1.2em\u00bb max_width=\u00bb400px\u00bb max_width_tablet=\u00bb\u00bb max_width_phone=\u00bb\u00bb max_width_last_edited=\u00bbon|desktop\u00bb text_font_size_tablet=\u00bb14px\u00bb text_font_size_phone=\u00bb\u00bb text_font_size_last_edited=\u00bbon|tablet\u00bb header_3_font_size_tablet=\u00bb30px\u00bb header_3_font_size_phone=\u00bb24px\u00bb header_3_font_size_last_edited=\u00bbon|phone\u00bb locked=\u00bboff\u00bb]<\/p>\n<h2>La Boluga de Cabrales<\/h2>\n<p>El <strong>Obrador la Boluga<\/strong> es una empresa familiar dedicada a la <strong>producci\u00f3n de mermeladas y dulces de manera natural, sin aditivos ni conservantes<\/strong>. La elaboraci\u00f3n se realiza a partir de materias primas naturales siguiendo todas las medidas higi\u00e9nicas y sanitarias, con lo que se obtiene un producto de calidad con sabor tradicional.<\/p>\n<p>[\/et_pb_text][\/et_pb_column][\/et_pb_row][\/et_pb_section][et_pb_section fb_built=\u00bb1&#8243; admin_label=\u00bbTitle\u00bb _builder_version=\u00bb4.9.10&#8243; background_color=\u00bb#f4f0e8&#8243; custom_padding=\u00bb||0px||false|false\u00bb locked=\u00bboff\u00bb][et_pb_row _builder_version=\u00bb4.9.10&#8243; custom_padding=\u00bb0px||0px||false|false\u00bb][et_pb_column type=\u00bb4_4&#8243; _builder_version=\u00bb4.4.7&#8243;][et_pb_text _builder_version=\u00bb4.9.10&#8243; header_2_font=\u00bbMarcellus||||||||\u00bb header_2_text_color=\u00bb#3D4A41&#8243; header_2_font_size=\u00bb89px\u00bb header_2_line_height=\u00bb1.2em\u00bb text_orientation=\u00bbcenter\u00bb header_2_font_size_tablet=\u00bb60px\u00bb header_2_font_size_phone=\u00bb40px\u00bb header_2_font_size_last_edited=\u00bbon|phone\u00bb locked=\u00bboff\u00bb]<\/p>\n<h2>Tienda On-line<\/h2>\n<p>[\/et_pb_text][\/et_pb_column][\/et_pb_row][\/et_pb_section][et_pb_section fb_built=\u00bb1&#8243; make_equal=\u00bbon\u00bb use_custom_gutter=\u00bbon\u00bb gutter_width=\u00bb1&#8243; specialty=\u00bbon\u00bb background_color_2=\u00bb#ffffff\u00bb background_color_3=\u00bb#333333&#8243; padding_top_bottom_link_3=\u00bbfalse\u00bb padding_left_right_link_3=\u00bbtrue\u00bb use_background_color_gradient_3=\u00bbon\u00bb background_color_gradient_start_3=\u00bb#f4f0e8&#8243; background_color_gradient_end_3=\u00bbrgba(0,0,0,0)\u00bb background_color_gradient_start_position_3=\u00bb14vw\u00bb background_color_gradient_end_position_3=\u00bb0%\u00bb padding_top_3=\u00bb20vw\u00bb padding_right_3=\u00bb60px\u00bb padding_bottom_3=\u00bb60px\u00bb padding_left_3=\u00bb60px\u00bb admin_label=\u00bbShop CTA&#8217;s\u00bb _builder_version=\u00bb4.4.9&#8243; background_color=\u00bb#f4f0e8&#8243; inner_width=\u00bb100%\u00bb inner_max_width=\u00bb1920px\u00bb custom_padding=\u00bb||0px|||\u00bb][et_pb_column type=\u00bb1_4&#8243; _builder_version=\u00bb3.25&#8243; custom_padding=\u00bb|||\u00bb custom_padding__hover=\u00bb|||\u00bb][et_pb_image src=\u00bbhttps:\/\/labolugadecabrales.es\/wp-content\/uploads\/2021\/08\/La-boluga-de-Cabrales-entrada-001-e1627921085927.jpg\u00bb title_text=\u00bbLa boluga de Cabrales entrada 001&#8243; _builder_version=\u00bb4.9.10&#8243; positioning=\u00bbabsolute\u00bb position_origin_a=\u00bbbottom_right\u00bb position_origin_a_tablet=\u00bb\u00bb position_origin_a_phone=\u00bb\u00bb position_origin_a_last_edited=\u00bbon|tablet\u00bb position_origin_f_tablet=\u00bb\u00bb position_origin_f_phone=\u00bb\u00bb position_origin_f_last_edited=\u00bbon|tablet\u00bb position_origin_r_tablet=\u00bb\u00bb position_origin_r_phone=\u00bb\u00bb position_origin_r_last_edited=\u00bbon|tablet\u00bb width=\u00bb100%\u00bb positioning_tablet=\u00bbrelative\u00bb positioning_phone=\u00bb\u00bb positioning_last_edited=\u00bbon|tablet\u00bb locked=\u00bboff\u00bb][\/et_pb_image][\/et_pb_column][et_pb_column type=\u00bb1_2&#8243; specialty_columns=\u00bb2&#8243; _builder_version=\u00bb3.25&#8243; custom_padding=\u00bb|||\u00bb custom_padding__hover=\u00bb|||\u00bb][et_pb_row_inner column_structure=\u00bb1_2,1_2&#8243; make_equal=\u00bbon\u00bb _builder_version=\u00bb4.9.10&#8243; background_color=\u00bb#f4f0e8&#8243; custom_padding=\u00bb0px||0px||false|false\u00bb hover_enabled=\u00bb0&#8243; sticky_enabled=\u00bb0&#8243;][et_pb_column_inner type=\u00bb1_2&#8243; saved_specialty_column_type=\u00bb1_2&#8243; _builder_version=\u00bb4.4.9&#8243;][et_pb_image src=\u00bbhttps:\/\/labolugadecabrales.es\/wp-content\/uploads\/2021\/08\/La-boluga-de-Cabrales-Mermelada.png\u00bb title_text=\u00bbLa boluga de Cabrales Mermelada\u00bb align=\u00bbcenter\u00bb _builder_version=\u00bb4.9.10&#8243; positioning=\u00bbabsolute\u00bb position_origin_a=\u00bbbottom_right\u00bb position_origin_a_tablet=\u00bb\u00bb position_origin_a_phone=\u00bb\u00bb position_origin_a_last_edited=\u00bbon|desktop\u00bb position_origin_f_tablet=\u00bb\u00bb position_origin_f_phone=\u00bb\u00bb position_origin_f_last_edited=\u00bbon|desktop\u00bb position_origin_r_tablet=\u00bb\u00bb position_origin_r_phone=\u00bb\u00bb position_origin_r_last_edited=\u00bbon|desktop\u00bb width=\u00bb100%\u00bb width_tablet=\u00bb100%\u00bb width_phone=\u00bb\u00bb width_last_edited=\u00bbon|tablet\u00bb scroll_horizontal_motion_enable=\u00bbon\u00bb scroll_horizontal_motion=\u00bb0|100|100|100|1.5|0|0&#8243; positioning_tablet=\u00bbabsolute\u00bb positioning_phone=\u00bbnone\u00bb positioning_last_edited=\u00bbon|phone\u00bb locked=\u00bboff\u00bb][\/et_pb_image][\/et_pb_column_inner][et_pb_column_inner type=\u00bb1_2&#8243; saved_specialty_column_type=\u00bb1_2&#8243; _builder_version=\u00bb4.4.9&#8243; background_color=\u00bb#8c9873&#8243; custom_padding=\u00bb50px|40px|100px|40px|false|true\u00bb border_width_all=\u00bb18px\u00bb border_color_all=\u00bb#8c9873&#8243; box_shadow_style=\u00bbpreset7&#8243; box_shadow_horizontal=\u00bb0px\u00bb box_shadow_vertical=\u00bb0px\u00bb box_shadow_spread=\u00bb2px\u00bb box_shadow_color=\u00bb#ffffff\u00bb][et_pb_text _builder_version=\u00bb4.9.10&#8243; text_line_height=\u00bb2.5em\u00bb link_font=\u00bb|700||on|||||\u00bb link_text_color=\u00bbrgba(255,255,255,0.8)\u00bb link_letter_spacing=\u00bb4px\u00bb link_line_height=\u00bb1.2em\u00bb background_layout=\u00bbdark\u00bb custom_padding=\u00bb||||false|false\u00bb hover_enabled=\u00bb0&#8243; locked=\u00bboff\u00bb link_text_color__hover_enabled=\u00bbon|hover\u00bb link_text_color__hover=\u00bb#ffffff\u00bb sticky_enabled=\u00bb0&#8243;]<\/p>\n<p>ESTAMOS EN<strong> PUERTAS DE CABRALES<\/strong><br \/><em>CABRALES ASTURIAS<\/em><\/p>\n<p>Puertas es un pueblo peque\u00f1o en el Oriente de Asturias. De tradici\u00f3n agr\u00edcola y ganadera, est\u00e1 situado en un valle con la Sierra del Cuera al Norte y enfrente de la cara Norte de los Picos de Europa. Un entorno privilegiado dentro del \u00abParaiso Natural\u00bb<\/p>\n<p>[\/et_pb_text][\/et_pb_column_inner][\/et_pb_row_inner][et_pb_row_inner column_structure=\u00bb1_2,1_2&#8243; use_custom_gutter=\u00bbon\u00bb gutter_width=\u00bb1&#8243; _builder_version=\u00bb4.9.10&#8243; background_color=\u00bbrgba(11,86,36,0.22)\u00bb width_tablet=\u00bb90%\u00bb width_phone=\u00bb\u00bb width_last_edited=\u00bbon|phone\u00bb][et_pb_column_inner type=\u00bb1_2&#8243; saved_specialty_column_type=\u00bb1_2&#8243; _builder_version=\u00bb4.9.10&#8243; custom_padding=\u00bb|48px||48px|false|true\u00bb custom_padding_tablet=\u00bb|30px|0px|30px|false|true\u00bb custom_padding_phone=\u00bb|20px||20px|false|true\u00bb custom_padding_last_edited=\u00bbon|desktop\u00bb][et_pb_text _builder_version=\u00bb4.9.10&#8243; header_3_font=\u00bbMarcellus||||||||\u00bb header_3_text_color=\u00bb#43526b\u00bb header_3_font_size=\u00bb32px\u00bb header_3_line_height=\u00bb1.2em\u00bb header_3_font_size_tablet=\u00bb30px\u00bb header_3_font_size_phone=\u00bb24px\u00bb header_3_font_size_last_edited=\u00bbon|phone\u00bb locked=\u00bboff\u00bb]<\/p>\n<h3>Producci\u00f3n natural, sin aditivos ni conservantes<\/h3>\n<p>[\/et_pb_text][\/et_pb_column_inner][et_pb_column_inner type=\u00bb1_2&#8243; saved_specialty_column_type=\u00bb1_2&#8243; _builder_version=\u00bb4.9.10&#8243; custom_padding=\u00bb|48px||48px|false|true\u00bb custom_padding_tablet=\u00bb|30px|0px|30px|false|true\u00bb custom_padding_phone=\u00bb|20px||20px|false|true\u00bb custom_padding_last_edited=\u00bbon|phone\u00bb border_color_all=\u00bb#949AA6&#8243; border_width_left=\u00bb2px\u00bb][et_pb_text _builder_version=\u00bb4.9.10&#8243; text_font=\u00bbMarcellus||||||||\u00bb text_font_size=\u00bb16px\u00bb text_line_height=\u00bb2em\u00bb max_width=\u00bb800px\u00bb text_font_size_tablet=\u00bb14px\u00bb text_font_size_phone=\u00bb14px\u00bb text_font_size_last_edited=\u00bbon|phone\u00bb text_line_height_phone=\u00bb1.6em\u00bb text_line_height_last_edited=\u00bboff|desktop\u00bb locked=\u00bboff\u00bb]<\/p>\n<p>Disfrute en su casa de nuestras mermeladas y dulces artesanos realizados con productos\u00a0 de primera calidad de nuestra tierra.<\/p>\n<p>[\/et_pb_text][\/et_pb_column_inner][\/et_pb_row_inner][\/et_pb_column][et_pb_column type=\u00bb1_4&#8243; _builder_version=\u00bb3.25&#8243; custom_padding=\u00bb|||\u00bb custom_padding__hover=\u00bb|||\u00bb][et_pb_text _builder_version=\u00bb4.9.10&#8243; header_font=\u00bbMarcellus|900|||||||\u00bb header_text_color=\u00bb#3d4a41&#8243; header_font_size=\u00bb150px\u00bb header_line_height=\u00bb1.2em\u00bb header_3_font=\u00bbMarcellus|||on|||||\u00bb header_3_font_size=\u00bb14px\u00bb header_3_letter_spacing=\u00bb4px\u00bb header_3_line_height=\u00bb1.2em\u00bb header_4_font=\u00bbMarcellus||||||||\u00bb header_4_text_color=\u00bb#e1d6c2&#8243; header_4_font_size=\u00bb33px\u00bb header_4_line_height=\u00bb1.2em\u00bb background_layout=\u00bbdark\u00bb header_font_size_tablet=\u00bb60px\u00bb header_font_size_phone=\u00bb40px\u00bb header_font_size_last_edited=\u00bbon|phone\u00bb header_3_font_size_phone=\u00bb14px\u00bb header_3_font_size_last_edited=\u00bboff|tablet\u00bb header_4_font_size_tablet=\u00bb30px\u00bb header_4_font_size_phone=\u00bb24px\u00bb header_4_font_size_last_edited=\u00bbon|phone\u00bb locked=\u00bboff\u00bb]<\/p>\n<h3>Elaboramos y servimos a <strong>comercios<\/strong> y <strong>hosteler\u00eda<\/strong>.<\/h3>\n<p>P\u00f3ngase en contacto con nosotros.<\/p>\n<p>[\/et_pb_text][et_pb_button button_text=\u00bbM\u00e1s informaci\u00f3n\u00bb button_alignment=\u00bbleft\u00bb _builder_version=\u00bb4.9.10&#8243; custom_button=\u00bbon\u00bb button_text_size=\u00bb12px\u00bb button_text_color=\u00bb#ffffff\u00bb button_bg_color=\u00bbrgba(0,0,0,0)\u00bb button_border_width=\u00bb2px\u00bb button_border_color=\u00bb#E1D6C2&#8243; button_border_radius=\u00bb0px\u00bb button_letter_spacing=\u00bb4px\u00bb button_font=\u00bbMarcellus|700||on|||||\u00bb custom_margin=\u00bb30px|||||\u00bb custom_padding=\u00bb15px|30px|15px|30px|true|true\u00bb locked=\u00bboff\u00bb][\/et_pb_button][\/et_pb_column][\/et_pb_section][et_pb_section fb_built=\u00bb1&#8243; admin_label=\u00bbShop\u00bb _builder_version=\u00bb4.4.7&#8243; locked=\u00bboff\u00bb][et_pb_row _builder_version=\u00bb4.4.7&#8243;][et_pb_column type=\u00bb4_4&#8243; _builder_version=\u00bb4.4.7&#8243;][et_pb_text _builder_version=\u00bb4.9.10&#8243; _module_preset=\u00bbdefault\u00bb header_2_font=\u00bbMarcellus|700|||||||\u00bb header_2_font_size=\u00bb38px\u00bb header_2_line_height=\u00bb1.2em\u00bb]<\/p>\n<h2>Los imprescindibles&#8230;<\/h2>\n<p>[\/et_pb_text][et_pb_shop type=\u00bbfeatured\u00bb _builder_version=\u00bb4.9.10&#8243; posts_number=\u00bb4&#8243; title_font_size=\u00bb18px\u00bb price_font_size=\u00bb22px\u00bb price_text_color=\u00bb#8c9873&#8243; hover_enabled=\u00bb0&#8243; sticky_enabled=\u00bb0&#8243;][\/et_pb_shop][et_pb_button button_text=\u00bbIr a la Tienda\u00bb button_alignment=\u00bbcenter\u00bb _builder_version=\u00bb4.9.10&#8243; custom_button=\u00bbon\u00bb button_text_size=\u00bb28px\u00bb button_text_color=\u00bb#FFFFFF\u00bb button_bg_color=\u00bb#8c9873&#8243; button_border_width=\u00bb2px\u00bb button_border_color=\u00bbrgba(0,0,0,0.55)\u00bb button_border_radius=\u00bb0px\u00bb button_letter_spacing=\u00bb4px\u00bb button_font=\u00bbMarcellus|700||on|||||\u00bb custom_margin=\u00bb||||false|false\u00bb custom_padding=\u00bb||||true|true\u00bb hover_enabled=\u00bb0&#8243; locked=\u00bboff\u00bb sticky_enabled=\u00bb0&#8243; button_bg_enable_color=\u00bbon\u00bb button_url=\u00bb@ET-DC@eyJkeW5hbWljIjp0cnVlLCJjb250ZW50IjoicG9zdF9saW5rX3VybF9wYWdlIiwic2V0dGluZ3MiOnsicG9zdF9pZCI6IjM4In19@\u00bb _dynamic_attributes=\u00bbbutton_url\u00bb background_layout=\u00bbdark\u00bb][\/et_pb_button][\/et_pb_column][\/et_pb_row][\/et_pb_section][et_pb_section fb_built=\u00bb1&#8243; custom_padding_last_edited=\u00bbon|phone\u00bb admin_label=\u00bbFooter\u00bb _builder_version=\u00bb4.9.10&#8243; use_background_color_gradient=\u00bbon\u00bb background_color_gradient_start=\u00bbrgba(0,0,0,0.55)\u00bb background_color_gradient_end=\u00bbrgba(0,0,0,0.22)\u00bb background_color_gradient_overlays_image=\u00bbon\u00bb background_image=\u00bbhttps:\/\/labolugadecabrales.es\/wp-content\/uploads\/2021\/08\/La-boluga-de-Cabrales-Tienda-001-e1627924504223.jpg\u00bb custom_margin=\u00bb||||false|false\u00bb custom_padding=\u00bb||3vw||false|false\u00bb custom_padding_tablet=\u00bb||22vw||false|false\u00bb custom_padding_phone=\u00bb\u00bb background_last_edited=\u00bboff|desktop\u00bb locked=\u00bboff\u00bb][et_pb_row column_structure=\u00bb1_2,1_2&#8243; custom_padding_last_edited=\u00bbon|tablet\u00bb _builder_version=\u00bb4.9.10&#8243; custom_padding=\u00bb||||false|false\u00bb custom_padding_tablet=\u00bb|||0px|false|false\u00bb custom_padding_phone=\u00bb\u00bb locked=\u00bboff\u00bb][et_pb_column type=\u00bb1_2&#8243; _builder_version=\u00bb4.4.7&#8243;][et_pb_text _builder_version=\u00bb4.9.10&#8243; text_font=\u00bbMarcellus||||||||\u00bb text_text_color=\u00bb#FFFFFF\u00bb text_font_size=\u00bb18px\u00bb header_2_font=\u00bbMarcellus|700|||||||\u00bb header_2_text_color=\u00bb#FFFFFF\u00bb header_2_font_size=\u00bb20px\u00bb header_2_line_height=\u00bb1.2em\u00bb custom_padding=\u00bb0px|||||\u00bb text_font_size_tablet=\u00bb14px\u00bb text_font_size_phone=\u00bb\u00bb text_font_size_last_edited=\u00bbon|desktop\u00bb locked=\u00bboff\u00bb]<\/p>\n<h2>TEL\u00c9FONO DE CONTACTO:<\/h2>\n<p>680 52 97 08<\/p>\n<p>[\/et_pb_text][et_pb_text _builder_version=\u00bb4.9.10&#8243; text_font=\u00bbMarcellus||||||||\u00bb text_text_color=\u00bb#FFFFFF\u00bb text_font_size=\u00bb18px\u00bb header_2_font=\u00bbMarcellus|700|||||||\u00bb header_2_text_color=\u00bb#FFFFFF\u00bb header_2_font_size=\u00bb20px\u00bb header_2_line_height=\u00bb1.2em\u00bb text_font_size_tablet=\u00bb14px\u00bb text_font_size_phone=\u00bb\u00bb text_font_size_last_edited=\u00bbon|desktop\u00bb locked=\u00bboff\u00bb]<\/p>\n<h2>DIRECCI\u00d3N:<\/h2>\n<p>La Boluga s\/n, Puertas de Cabrales<br \/>33555 \u00b7 Cabrales \u00b7 Asturias<\/p>\n<p>[\/et_pb_text][et_pb_text _builder_version=\u00bb4.9.10&#8243; text_font=\u00bbMarcellus||||||||\u00bb text_text_color=\u00bb#FFFFFF\u00bb text_font_size=\u00bb18px\u00bb header_2_font=\u00bbMarcellus|700|||||||\u00bb header_2_text_color=\u00bb#FFFFFF\u00bb header_2_font_size=\u00bb20px\u00bb header_2_line_height=\u00bb1.2em\u00bb custom_padding=\u00bb0px|||||\u00bb text_font_size_tablet=\u00bb14px\u00bb text_font_size_phone=\u00bb\u00bb text_font_size_last_edited=\u00bbon|desktop\u00bb locked=\u00bboff\u00bb]<\/p>\n<h2>E-MAIL:<\/h2>\n<p>obradorlaboluga@gmail.com<\/p>\n<p>[\/et_pb_text][et_pb_text _builder_version=\u00bb4.9.10&#8243; text_font=\u00bbMarcellus||||||||\u00bb text_text_color=\u00bb#FFFFFF\u00bb text_font_size=\u00bb18px\u00bb header_2_font=\u00bbMarcellus|700|||||||\u00bb header_2_text_color=\u00bb#FFFFFF\u00bb header_2_font_size=\u00bb20px\u00bb header_2_line_height=\u00bb1.2em\u00bb text_font_size_tablet=\u00bb14px\u00bb text_font_size_phone=\u00bb\u00bb text_font_size_last_edited=\u00bbon|desktop\u00bb locked=\u00bboff\u00bb]<\/p>\n<h2>HORARIO:<\/h2>\n<p>De lunes a viernes:<br \/>de 10:00 a 13:00 horas<br \/>y de 15:00 a 19 horas.<\/p>\n<p>[\/et_pb_text][\/et_pb_column][et_pb_column type=\u00bb1_2&#8243; _builder_version=\u00bb4.4.7&#8243;][et_pb_image src=\u00bbhttps:\/\/labolugadecabrales.es\/wp-content\/uploads\/2021\/07\/Logo-la-Boluga.png\u00bb title_text=\u00bbLogo la Boluga\u00bb _builder_version=\u00bb4.9.10&#8243; _module_preset=\u00bbdefault\u00bb width=\u00bb70%\u00bb][\/et_pb_image][\/et_pb_column][\/et_pb_row][\/et_pb_section]<\/p>\n","protected":false},"excerpt":{"rendered":"<p>Mermeladas La Boluga de Cabrales Sobre nosotros La Boluga de Cabrales es una empresa fundada en 2020 en Puertas de Cabrales dedicada a la elaboraci\u00f3n de dulces y mermeladas de manera artesanal con productos naturales. Est\u00e1 formada por una pareja de j\u00f3venes emprendedores que, inspirados en la tradici\u00f3n de la gente de Cabrales de acompa\u00f1ar [&hellip;]<\/p>\n","protected":false},"author":1,"featured_media":0,"parent":0,"menu_order":0,"comment_status":"closed","ping_status":"closed","template":"","meta":{"_et_pb_use_builder":"on","_et_pb_old_content":"","_et_gb_content_width":"","footnotes":""},"_links":{"self":[{"href":"https:\/\/labolugadecabrales.es\/index.php\/wp-json\/wp\/v2\/pages\/10"}],"collection":[{"href":"https:\/\/labolugadecabrales.es\/index.php\/wp-json\/wp\/v2\/pages"}],"about":[{"href":"https:\/\/labolugadecabrales.es\/index.php\/wp-json\/wp\/v2\/types\/page"}],"author":[{"embeddable":true,"href":"https:\/\/labolugadecabrales.es\/index.php\/wp-json\/wp\/v2\/users\/1"}],"replies":[{"embeddable":true,"href":"https:\/\/labolugadecabrales.es\/index.php\/wp-json\/wp\/v2\/comments?post=10"}],"version-history":[{"count":15,"href":"https:\/\/labolugadecabrales.es\/index.php\/wp-json\/wp\/v2\/pages\/10\/revisions"}],"predecessor-version":[{"id":179,"href":"https:\/\/labolugadecabrales.es\/index.php\/wp-json\/wp\/v2\/pages\/10\/revisions\/179"}],"wp:attachment":[{"href":"https:\/\/labolugadecabrales.es\/index.php\/wp-json\/wp\/v2\/media?parent=10"}],"curies":[{"name":"wp","href":"https:\/\/api.w.org\/{rel}","templated":true}]}}